{"id":265,"date":"2017-07-20T15:31:50","date_gmt":"2017-07-20T13:31:50","guid":{"rendered":"http:\/\/elektroverteiler.at\/?page_id=265"},"modified":"2017-07-27T14:22:23","modified_gmt":"2017-07-27T12:22:23","slug":"netz-berechnen","status":"publish","type":"page","link":"http:\/\/elektroverteiler.at\/?page_id=265","title":{"rendered":"Netzberechnungen"},"content":{"rendered":"<p>Netzberechnung Warum?<\/p>\n<p>Damit Sie als Anlagenbetreiber(in) einen sicheren und ausfallfreien Betrieb in Ihrer Anlage einhalten k\u00f6nnen, sind Faktoren wie Kurzschlussfestigkeit, Selektivit\u00e4t, Gleichzeitigkeit, Leistungsfaktor oder Spannungsausfall wichtige Faktoren, die unterschiedliche Einfl\u00fcsse auf Ihr Niederspannungsverteilnetz haben k\u00f6nnen.<\/p>\n<p>Um eine Norm- und Anwendergerechte Installation gew\u00e4hrleisten zu k\u00f6nnen, ist eine Berechnung vom Niederspannungsnetz&nbsp; auf jeden Fall durchzuf\u00fchren. &nbsp;Mithilfe dieser Berechnung werden verschiedenste Kennwerte errechnet, welche ma\u00dfgeblich in die Planung und Ausf\u00fchrung eingebunden werden, damit schon im Vorhinein Fehler ausgeschlossen werden k\u00f6nnen.<\/p>\n<p>&nbsp;<\/p>\n","protected":false},"excerpt":{"rendered":"<p>Netzberechnung Warum? Damit Sie als Anlagenbetreiber(in) einen sicheren und ausfallfreien Betrieb in Ihrer Anlage einhalten k\u00f6nnen, sind Faktoren wie Kurzschlussfestigkeit, Selektivit\u00e4t, Gleichzeitigkeit, Leistungsfaktor oder Spannungsausfall wichtige Faktoren, die unterschiedliche Einfl\u00fcsse auf Ihr Niederspannungsverteilnetz haben k\u00f6nnen. Um eine Norm- und Anwendergerechte Installation gew\u00e4hrleisten zu k\u00f6nnen, ist eine Berechnung vom Niederspannungsnetz&nbsp; auf jeden Fall durchzuf\u00fchren. &nbsp;Mithilfe dieser &hellip; <a href=\"http:\/\/elektroverteiler.at\/?page_id=265\" class=\"more-link\"><span class=\"screen-reader-text\">Netzberechnungen<\/span> weiterlesen<\/a><\/p>\n","protected":false},"author":1,"featured_media":0,"parent":0,"menu_order":0,"comment_status":"closed","ping_status":"closed","template":"full-width-page.php","meta":{"jetpack_post_was_ever_published":false},"tags":[],"jetpack_sharing_enabled":true,"jetpack_shortlink":"https:\/\/wp.me\/P8WUgT-4h","_links":{"self":[{"href":"http:\/\/elektroverteiler.at\/index.php?rest_route=\/wp\/v2\/pages\/265"}],"collection":[{"href":"http:\/\/elektroverteiler.at\/index.php?rest_route=\/wp\/v2\/pages"}],"about":[{"href":"http:\/\/elektroverteiler.at\/index.php?rest_route=\/wp\/v2\/types\/page"}],"author":[{"embeddable":true,"href":"http:\/\/elektroverteiler.at\/index.php?rest_route=\/wp\/v2\/users\/1"}],"replies":[{"embeddable":true,"href":"http:\/\/elektroverteiler.at\/index.php?rest_route=%2Fwp%2Fv2%2Fcomments&post=265"}],"version-history":[{"count":5,"href":"http:\/\/elektroverteiler.at\/index.php?rest_route=\/wp\/v2\/pages\/265\/revisions"}],"predecessor-version":[{"id":383,"href":"http:\/\/elektroverteiler.at\/index.php?rest_route=\/wp\/v2\/pages\/265\/revisions\/383"}],"wp:attachment":[{"href":"http:\/\/elektroverteiler.at\/index.php?rest_route=%2Fwp%2Fv2%2Fmedia&parent=265"}],"wp:term":[{"taxonomy":"post_tag","embeddable":true,"href":"http:\/\/elektroverteiler.at\/index.php?rest_route=%2Fwp%2Fv2%2Ftags&post=265"}],"curies":[{"name":"wp","href":"https:\/\/api.w.org\/{rel}","templated":true}]}}